{"id":2,"date":"2013-11-06T11:55:36","date_gmt":"2013-11-06T11:55:36","guid":{"rendered":"http:\/\/compricas.com\/prueba\/?page_id=2"},"modified":"2020-04-30T16:22:22","modified_gmt":"2020-04-30T16:22:22","slug":"pagina-ejemplo","status":"publish","type":"page","link":"http:\/\/compricas.com\/prueba\/","title":{"rendered":"INICIO"},"content":{"rendered":"<p>[et_pb_section bb_built=\u00bb1&#8243; disabled_on=\u00bbon|off|off\u00bb _builder_version=\u00bb3.5.1&#8243; background_video_mp4=\u00bbhttp:\/\/compricas.com\/prueba\/wp-content\/uploads\/2018\/08\/Mi-pel\u00edcula-web5.mp4&#8243; custom_padding=\u00bb0|0px|448px|0px|false|false\u00bb next_background_color=\u00bb#ffffff\u00bb][\/et_pb_section][et_pb_section bb_built=\u00bb1&#8243; disabled_on=\u00bboff|on|on\u00bb _builder_version=\u00bb3.5.1&#8243; custom_padding=\u00bb0|0px|0|0px|false|false\u00bb prev_background_color=\u00bb#000000&#8243; next_background_color=\u00bb#000000&#8243;][et_pb_row _builder_version=\u00bb3.5.1&#8243;][et_pb_column type=\u00bb4_4&#8243;][et_pb_image src=\u00bbhttp:\/\/compricas.com\/prueba\/wp-content\/uploads\/2018\/08\/IMG_1627-1.jpg\u00bb _builder_version=\u00bb3.5.1&#8243;]<br \/>\n[\/et_pb_image][\/et_pb_column][\/et_pb_row][\/et_pb_section][et_pb_section bb_built=\u00bb1&#8243; _builder_version=\u00bb3.0.47&#8243; custom_padding=\u00bb1px|0px|0|0px|false|false\u00bb prev_background_color=\u00bb#000000&#8243; next_background_color=\u00bb#000000&#8243;][\/et_pb_section][et_pb_section bb_built=\u00bb1&#8243; _builder_version=\u00bb3.5.1&#8243; custom_padding=\u00bb27px|0px|20px|0px|false|false\u00bb prev_background_color=\u00bb#000000&#8243; next_background_color=\u00bb#000000&#8243;][et_pb_row custom_padding=\u00bb7px|0px|0|0px|false|false\u00bb _builder_version=\u00bb3.5.1&#8243;][et_pb_column type=\u00bb4_4&#8243;][et_pb_text _builder_version=\u00bb3.5.1&#8243; border_color_left=\u00bb#003b58&#8243;]<\/p>\n<h4><span style=\"font-size: large; color: #e84b1b;\"><strong><span style=\"font-family: inherit;\">LA EMPRESA<\/span><\/strong><\/span><\/h4>\n<p>[\/et_pb_text][\/et_pb_column][\/et_pb_row][et_pb_row custom_padding=\u00bb0|0px|27px|0px|false|false\u00bb _builder_version=\u00bb3.5.1&#8243;][et_pb_column type=\u00bb4_4&#8243;][et_pb_text _builder_version=\u00bb3.5.1&#8243; border_width_left=\u00bb10px\u00bb border_color_left=\u00bb#003b58&#8243;]<\/p>\n<p style=\"padding-left: 30px;\">Nuestra empresa ofrece soluciones integrales en etapas de dise\u00f1o, proyecto y desarrollo de obra, brindando el mejor asesoramiento y ejecutando trabajos de primera calidad con la supervisi\u00f3n de un cuerpo de profesionales especializados en el rubro.<\/p>\n<p style=\"padding-left: 30px;\">Tenemos vasta experiencia en obras de conducci\u00f3n de fluidos; instalaciones de agua, cloaca y gas para entes privados y p\u00fablicos, interiorismo, construcci\u00f3n en seco (steel framing), obra de arquitectura.<\/p>\n<p style=\"padding-left: 30px;\">Nuestro fin es superar las expectativas de nuestros clientes, complementar a empresas constructoras, estudios de arquitectura e ingenier\u00eda como as\u00ed tambi\u00e9n brindar apoyo t\u00e9cnico para desarrollos inmobiliarios.<\/p>\n<p>[\/et_pb_text][\/et_pb_column][\/et_pb_row][\/et_pb_section][et_pb_section bb_built=\u00bb1&#8243; _builder_version=\u00bb3.5.1&#8243; custom_padding=\u00bb9px|0px|0|0px|false|false\u00bb prev_background_color=\u00bb#000000&#8243; next_background_color=\u00bb#000000&#8243;][et_pb_row custom_padding=\u00bb27px|0px|35px|0px|false|false\u00bb _builder_version=\u00bb3.5.1&#8243;][et_pb_column type=\u00bb1_3&#8243;][et_pb_team_member name=\u00bbIng. Raimundo D`elia\u00bb position=\u00bbRepresentante t\u00e9cnico\u00bb _builder_version=\u00bb3.5.1&#8243; animation_style=\u00bbfold\u00bb]<\/p>\n<p>MAT 2.29.113<\/p>\n<p>[\/et_pb_team_member][\/et_pb_column][et_pb_column type=\u00bb1_3&#8243;][et_pb_team_member name=\u00bbDaina Maciel\u00bb position=\u00bbRepresentante legal\u00bb _builder_version=\u00bb3.5.1&#8243; animation_style=\u00bbfold\u00bb]<\/p>\n<p>T 124 F 632<\/p>\n<p>[\/et_pb_team_member][\/et_pb_column][et_pb_column type=\u00bb1_3&#8243;][et_pb_team_member name=\u00bbFlorencia Navarro\u00bb position=\u00bbContadora P\u00fablica Nacional\u00bb _builder_version=\u00bb3.5.1&#8243; animation_style=\u00bbfold\u00bb]<\/p>\n<p>T 297 F 186<\/p>\n<p>[\/et_pb_team_member][\/et_pb_column][\/et_pb_row][\/et_pb_section][et_pb_section bb_built=\u00bb1&#8243; fullwidth=\u00bbon\u00bb _builder_version=\u00bb3.5.1&#8243; custom_padding=\u00bb0px|0px|0|0px|false|false\u00bb prev_background_color=\u00bb#000000&#8243; next_background_color=\u00bb#000000&#8243;][et_pb_fullwidth_image src=\u00bbhttp:\/\/compricas.com\/prueba\/wp-content\/uploads\/2018\/10\/home3.jpg\u00bb _builder_version=\u00bb3.5.1&#8243; animation_style=\u00bbslide\u00bb]<br \/>\n[\/et_pb_fullwidth_image][\/et_pb_section][et_pb_section bb_built=\u00bb1&#8243; _builder_version=\u00bb3.5.1&#8243; custom_padding=\u00bb14px|0px|52px|0px|false|false\u00bb prev_background_color=\u00bb#000000&#8243; next_background_color=\u00bb#000000&#8243;][et_pb_row custom_padding=\u00bb27px|0px|0|0px|false|false\u00bb _builder_version=\u00bb3.5.1&#8243;][et_pb_column type=\u00bb4_4&#8243;][et_pb_text _builder_version=\u00bb3.5.1&#8243; border_color_left=\u00bb#003b58&#8243;]<\/p>\n<h4><span style=\"font-size: large; color: #e84b1b;\"><strong><span style=\"font-family: inherit;\">EQUIPOS<\/span><\/strong><\/span><\/h4>\n<p>[\/et_pb_text][\/et_pb_column][\/et_pb_row][et_pb_row custom_padding=\u00bb0|0px|27px|0px|false|false\u00bb _builder_version=\u00bb3.5.1&#8243;][et_pb_column type=\u00bb4_4&#8243;][et_pb_text _builder_version=\u00bb3.5.1&#8243; border_width_left=\u00bb10px\u00bb border_color_left=\u00bb#003b58&#8243;]<\/p>\n<p style=\"padding-left: 30px;\">Contamos con todo el equipamiento necesario para ser m\u00e1s eficientes y cumplir con los tiempos pautados sin depender de terceros.<\/p>\n<p style=\"padding-left: 30px;\">M\u00e1quinas viales (Retroexcavadora oruga \u2013 Pala retroexcavadora &#8211; Mini retroexcavadora &#8211; Rodillo compactador &#8211; Camiones volcadores), Camiones\u00a0 hidrogr\u00faa,\u00a0 Tuneleras<\/p>\n<p>[\/et_pb_text][\/et_pb_column][\/et_pb_row][\/et_pb_section][et_pb_section bb_built=\u00bb1&#8243; fullwidth=\u00bbon\u00bb _builder_version=\u00bb3.5.1&#8243; custom_padding=\u00bb0px|0px|0|0px|false|false\u00bb prev_background_color=\u00bb#000000&#8243;][et_pb_fullwidth_image src=\u00bbhttp:\/\/compricas.com\/prueba\/wp-content\/uploads\/2018\/09\/home2.jpg\u00bb _builder_version=\u00bb3.5.1&#8243; animation_style=\u00bbslide\u00bb]<br \/>\n[\/et_pb_fullwidth_image][\/et_pb_section]<\/p>\n","protected":false},"excerpt":{"rendered":"<p>[et_pb_section bb_built=\u00bb1&#8243; disabled_on=\u00bbon|off|off\u00bb _builder_version=\u00bb3.5.1&#8243; background_video_mp4=\u00bbhttp:\/\/compricas.com\/prueba\/wp-content\/uploads\/2018\/08\/Mi-pel\u00edcula-web5.mp4&#8243; custom_padding=\u00bb0|0px|448px|0px|false|false\u00bb next_background_color=\u00bb#ffffff\u00bb][\/et_pb_section][et_pb_section bb_built=\u00bb1&#8243; disabled_on=\u00bboff|on|on\u00bb _builder_version=\u00bb3.5.1&#8243; custom_padding=\u00bb0|0px|0|0px|false|false\u00bb prev_background_color=\u00bb#000000&#8243; next_background_color=\u00bb#000000&#8243;][et_pb_row _builder_version=\u00bb3.5.1&#8243;][et_pb_column type=\u00bb4_4&#8243;][et_pb_image src=\u00bbhttp:\/\/compricas.com\/prueba\/wp-content\/uploads\/2018\/08\/IMG_1627-1.jpg\u00bb _builder_version=\u00bb3.5.1&#8243;] [\/et_pb_image][\/et_pb_column][\/et_pb_row][\/et_pb_section][et_pb_section bb_built=\u00bb1&#8243; _builder_version=\u00bb3.0.47&#8243; custom_padding=\u00bb1px|0px|0|0px|false|false\u00bb prev_background_color=\u00bb#000000&#8243; next_background_color=\u00bb#000000&#8243;][\/et_pb_section][et_pb_section bb_built=\u00bb1&#8243; _builder_version=\u00bb3.5.1&#8243; custom_padding=\u00bb27px|0px|20px|0px|false|false\u00bb prev_background_color=\u00bb#000000&#8243; next_background_color=\u00bb#000000&#8243;][et_pb_row custom_padding=\u00bb7px|0px|0|0px|false|false\u00bb _builder_version=\u00bb3.5.1&#8243;][et_pb_column type=\u00bb4_4&#8243;][et_pb_text _builder_version=\u00bb3.5.1&#8243; border_color_left=\u00bb#003b58&#8243;] LA EMPRESA [\/et_pb_text][\/et_pb_column][\/et_pb_row][et_pb_row custom_padding=\u00bb0|0px|27px|0px|false|false\u00bb _builder_version=\u00bb3.5.1&#8243;][et_pb_column type=\u00bb4_4&#8243;][et_pb_text _builder_version=\u00bb3.5.1&#8243; border_width_left=\u00bb10px\u00bb border_color_left=\u00bb#003b58&#8243;] Nuestra empresa ofrece soluciones integrales en etapas de dise\u00f1o, proyecto y desarrollo de [&hellip;]<\/p>\n","protected":false},"author":2,"featured_media":0,"parent":0,"menu_order":0,"comment_status":"open","ping_status":"open","template":"","meta":{"footnotes":""},"class_list":["post-2","page","type-page","status-publish","hentry"],"_links":{"self":[{"href":"http:\/\/compricas.com\/prueba\/wp-json\/wp\/v2\/pages\/2","targetHints":{"allow":["GET"]}}],"collection":[{"href":"http:\/\/compricas.com\/prueba\/wp-json\/wp\/v2\/pages"}],"about":[{"href":"http:\/\/compricas.com\/prueba\/wp-json\/wp\/v2\/types\/page"}],"author":[{"embeddable":true,"href":"http:\/\/compricas.com\/prueba\/wp-json\/wp\/v2\/users\/2"}],"replies":[{"embeddable":true,"href":"http:\/\/compricas.com\/prueba\/wp-json\/wp\/v2\/comments?post=2"}],"version-history":[{"count":39,"href":"http:\/\/compricas.com\/prueba\/wp-json\/wp\/v2\/pages\/2\/revisions"}],"predecessor-version":[{"id":711,"href":"http:\/\/compricas.com\/prueba\/wp-json\/wp\/v2\/pages\/2\/revisions\/711"}],"wp:attachment":[{"href":"http:\/\/compricas.com\/prueba\/wp-json\/wp\/v2\/media?parent=2"}],"curies":[{"name":"wp","href":"https:\/\/api.w.org\/{rel}","templated":true}]}}